{"id":451,"date":"2026-04-18T08:37:00","date_gmt":"2026-04-18T06:37:00","guid":{"rendered":"https:\/\/onodi.at\/?page_id=451"},"modified":"2026-04-18T16:32:51","modified_gmt":"2026-04-18T14:32:51","slug":"szekely-adam-emlekere","status":"publish","type":"page","link":"https:\/\/onodi.at\/?page_id=451","title":{"rendered":"Sz\u00e9kely \u00c1d\u00e1m eml\u00e9k\u00e9re"},"content":{"rendered":"\n<p><em>A vers egy balatoni oszt\u00e1lykir\u00e1ndul\u00e1son sz\u00fcletett Sz\u00e9kely \u00c1d\u00e1m spont\u00e1n \u00f6tlet\u00e9b\u0151l, k\u00e9t oszt\u00e1lyt\u00e1rsa (Sztr\u00e1nyay Mikl\u00f3s \u00e9s \u00d3nodi L\u00e1szl\u00f3) k\u00f6zrem\u0171k\u00f6d\u00e9s\u00e9vel)<\/em><\/p>\n\n\n\n<p class=\"has-text-align-center\">V\u00d6LGY V\u00c1GY VAGYOK<\/p>\n\n\n\n<p class=\"has-text-align-center\">SZERELEM EM\u00c9SZT MI\u00c9RT<\/p>\n\n\n\n<p class=\"has-text-align-center\">EGYSZER KOMOLY MAG\u00c1NY<\/p>\n\n\n\n<p class=\"has-text-align-center\">KATLAN K\u00c9KL\u0150 GIT\u00c1R<\/p>\n\n\n\n<p class=\"has-text-align-center\">V\u00cdZ  LEHELET REGGEL<\/p>\n\n\n\n<p class=\"has-text-align-center\">F\u00c1J <\/p>\n\n\n\n<p class=\"has-text-align-center\">HANGZIK&nbsp; HEGY<\/p>\n\n\n\n<p class=\"has-text-align-center\">K\u00d6Z\u00d6NY \u00d6SSZEOLVAD<\/p>\n\n\n\n<p class=\"has-text-align-center\">NY\u00c1RUT\u00d3<\/p>\n\n\n\n<p class=\"has-text-align-right\">(Tihany, 1971. szeptember 14.)<\/p>\n\n\n\n<p class=\"has-text-align-center\">&#8212;<\/p>\n\n\n\n<p>(<em>a k\u00e9s\u0151i ford\u00edt\u00e1si k\u00eds\u00e9rlet<\/em>)<\/p>\n\n\n\n<p>satte sehnsucht sein,<\/p>\n\n\n\n<p>qu\u00e4lende liebe &#8211; warum?<\/p>\n\n\n\n<p>mal einsamkeit, ernsthaft;<\/p>\n\n\n\n<p>gitarre, kesselblau;<\/p>\n\n\n\n<p>wasser, atemzug,<\/p>\n\n\n\n<p>morgenstunde schmerzt,<\/p>\n\n\n\n<p>berge hallen gleich-g\u00fcl-tig-keit:<\/p>\n\n\n\n<p>sp\u00e4tsommer<\/p>\n\n\n\n<p>(2020. \u00e1prilis 1.)<\/p>\n\n\n\n<p><\/p>\n","protected":false},"excerpt":{"rendered":"<p>A vers egy balatoni oszt\u00e1lykir\u00e1ndul\u00e1son sz\u00fcletett Sz\u00e9kely \u00c1d\u00e1m spont\u00e1n \u00f6tlet\u00e9b\u0151l, k\u00e9t oszt\u00e1lyt\u00e1rsa (Sztr\u00e1nyay Mikl\u00f3s \u00e9s \u00d3nodi L\u00e1szl\u00f3) k\u00f6zrem\u0171k\u00f6d\u00e9s\u00e9vel) V\u00d6LGY V\u00c1GY VAGYOK SZERELEM EM\u00c9SZT MI\u00c9RT EGYSZER KOMOLY MAG\u00c1NY KATLAN K\u00c9KL\u0150 GIT\u00c1R V\u00cdZ LEHELET REGGEL F\u00c1J HANGZIK&nbsp; HEGY K\u00d6Z\u00d6NY \u00d6SSZEOLVAD NY\u00c1RUT\u00d3 (Tihany, 1971. szeptember 14.) &#8212; (a k\u00e9s\u0151i ford\u00edt\u00e1si k\u00eds\u00e9rlet) satte sehnsucht sein, qu\u00e4lende liebe &#8211; warum? &hellip; <\/p>\n<p class=\"link-more\"><a href=\"https:\/\/onodi.at\/?page_id=451\" class=\"more-link\">Continue reading<span class=\"screen-reader-text\"> &#8220;Sz\u00e9kely \u00c1d\u00e1m eml\u00e9k\u00e9re&#8221;<\/span><\/a><\/p>\n","protected":false},"author":1,"featured_media":0,"parent":0,"menu_order":0,"comment_status":"closed","ping_status":"closed","template":"","meta":{"footnotes":""},"class_list":["post-451","page","type-page","status-publish","hentry"],"_links":{"self":[{"href":"https:\/\/onodi.at\/index.php?rest_route=\/wp\/v2\/pages\/451","targetHints":{"allow":["GET"]}}],"collection":[{"href":"https:\/\/onodi.at\/index.php?rest_route=\/wp\/v2\/pages"}],"about":[{"href":"https:\/\/onodi.at\/index.php?rest_route=\/wp\/v2\/types\/page"}],"author":[{"embeddable":true,"href":"https:\/\/onodi.at\/index.php?rest_route=\/wp\/v2\/users\/1"}],"replies":[{"embeddable":true,"href":"https:\/\/onodi.at\/index.php?rest_route=%2Fwp%2Fv2%2Fcomments&post=451"}],"version-history":[{"count":4,"href":"https:\/\/onodi.at\/index.php?rest_route=\/wp\/v2\/pages\/451\/revisions"}],"predecessor-version":[{"id":456,"href":"https:\/\/onodi.at\/index.php?rest_route=\/wp\/v2\/pages\/451\/revisions\/456"}],"wp:attachment":[{"href":"https:\/\/onodi.at\/index.php?rest_route=%2Fwp%2Fv2%2Fmedia&parent=451"}],"curies":[{"name":"wp","href":"https:\/\/api.w.org\/{rel}","templated":true}]}}