{"id":309,"date":"2026-04-11T08:01:44","date_gmt":"2026-04-11T06:01:44","guid":{"rendered":"https:\/\/onodi.at\/?page_id=309"},"modified":"2026-04-19T08:42:51","modified_gmt":"2026-04-19T06:42:51","slug":"kovidinkak-2020","status":"publish","type":"page","link":"https:\/\/onodi.at\/?page_id=309","title":{"rendered":"Kovidink\u00e1k (2020)"},"content":{"rendered":"\n<p class=\"has-text-align-center\">@@@@@@<\/p>\n\n\n\n<p class=\"has-text-align-center\"><strong>Nahash<\/strong><\/p>\n\n\n\n<p class=\"has-text-align-center\">(<em>karant\u00e9n-alkalmi)<\/em><\/p>\n\n\n\n<p><\/p>\n\n\n\n<p class=\"has-text-align-center\">\u00dcl\u00f6k, \u00fcl\u00f6k a fejemen,<\/p>\n\n\n\n<p class=\"has-text-align-center\">n\u00e9zn\u00e9m, n\u00e9zn\u00e9m az eszemet,<\/p>\n\n\n\n<p class=\"has-text-align-center\">azt mondt\u00e1k, azt mondt\u00e1k: vigy\u00e1zz!<\/p>\n\n\n\n<p class=\"has-text-align-center\">itt van m\u00e1r, itt van m\u00e1r a hal\u00e1l.<\/p>\n\n\n\n<p><\/p>\n\n\n\n<p class=\"has-text-align-center\">Nahash k\u00edgy\u00f3 volt, nem is<\/p>\n\n\n\n<p class=\"has-text-align-center\">ak\u00e1rhol,<\/p>\n\n\n\n<p class=\"has-text-align-center\">a Paradicsomban<\/p>\n\n\n\n<p class=\"has-text-align-center\">cs\u00faszott-m\u00e1szott,<\/p>\n\n\n\n<p class=\"has-text-align-center\">\u00e9s h\u00edrn\u00e9v\u00e9rt<\/p>\n\n\n\n<p class=\"has-text-align-center\">vagy mi\u00e9rt?<\/p>\n\n\n\n<p class=\"has-text-align-center\">\u00e1lh\u00edreket gy\u00e1rtott<\/p>\n\n\n\n<p class=\"has-text-align-center\">\u00e9s t\u00e1madt k\u00f6vet\u0151je<\/p>\n\n\n\n<p class=\"has-text-align-center\">el\u00e9g \u2013<\/p>\n\n\n\n<p><\/p>\n\n\n\n<p class=\"has-text-align-center\">Itt \u00fcl\u00f6k ma a fejemen,<\/p>\n\n\n\n<p class=\"has-text-align-center\">pr\u00f3b\u00e1lom meg\u00e9rteni a<\/p>\n\n\n\n<p class=\"has-text-align-center\">helyzetet,<\/p>\n\n\n\n<p class=\"has-text-align-center\">mi\u00e9rt,<\/p>\n\n\n\n<p class=\"has-text-align-center\">hogy m\u00e9g mindig itt van,<\/p>\n\n\n\n<p class=\"has-text-align-center\">m\u00e9gsem l\u00e1tjuk,<\/p>\n\n\n\n<p class=\"has-text-align-center\">lopakodik,<\/p>\n\n\n\n<p class=\"has-text-align-center\">cs\u00faszik-m\u00e1szik,<\/p>\n\n\n\n<p class=\"has-text-align-center\">kit fert\u0151z,<\/p>\n\n\n\n<p class=\"has-text-align-center\">kit \u201einspir\u00e1l\u201c,<\/p>\n\n\n\n<p class=\"has-text-align-center\">\u00e9s elbor\u00edt mindent<\/p>\n\n\n\n<p class=\"has-text-align-center\">az \u00e1lh\u00edr mint a l\u00e1z.<\/p>\n\n\n\n<p class=\"has-text-align-center\">&#8212; o &#8212;<\/p>\n\n\n\n<p class=\"has-text-align-center\"><strong>HAIKU<\/strong><\/p>\n\n\n\n<p class=\"has-text-align-center\"><em>Haikuljak? Ne haikuljak?<\/em><\/p>\n\n\n\n<p class=\"has-text-align-center\"><em>KORON\u00c1M JAV\u00c1T MEGETTEM<\/em><\/p>\n\n\n\n<p class=\"has-text-align-center\"><em>FITTYET NEKI<\/em><\/p>\n\n\n\n<p class=\"has-text-align-center\"><em>H\u00c1NY OK MUTAT FEH\u00c9RET<\/em><\/p>\n\n\n\n<p class=\"has-text-align-center\"><em>AK\u00c1R MEGVETI<\/em><\/p>\n\n\n\n<p class=\"has-text-align-center\"><em>AK\u00c1R CS\u00cdZI\u00d3T<\/em><\/p>\n\n\n\n<p class=\"has-text-align-center\"><em>MINT A TORDAI KOS<\/em><\/p>\n\n\n\n<p class=\"has-text-align-center\">&#8212;-o&#8212;-<\/p>\n\n\n<div class=\"wp-block-image\">\n<figure class=\"aligncenter size-large is-resized\"><img loading=\"lazy\" decoding=\"async\" width=\"1024\" height=\"726\" src=\"https:\/\/onodi.at\/wp-content\/uploads\/2026\/04\/Screenshot-2026-04-11-at-07.51.14-1024x726.png\" alt=\"\" class=\"wp-image-324\" style=\"aspect-ratio:1.4105029102086195;width:370px;height:auto\" srcset=\"https:\/\/onodi.at\/wp-content\/uploads\/2026\/04\/Screenshot-2026-04-11-at-07.51.14-1024x726.png 1024w, https:\/\/onodi.at\/wp-content\/uploads\/2026\/04\/Screenshot-2026-04-11-at-07.51.14-300x213.png 300w, https:\/\/onodi.at\/wp-content\/uploads\/2026\/04\/Screenshot-2026-04-11-at-07.51.14-768x545.png 768w, https:\/\/onodi.at\/wp-content\/uploads\/2026\/04\/Screenshot-2026-04-11-at-07.51.14.png 1210w\" sizes=\"auto, (max-width: 767px) 89vw, (max-width: 1000px) 54vw, (max-width: 1071px) 543px, 580px\" \/><\/figure>\n<\/div>\n\n\n<p><em>Kontamin\u00e1lom szavaim,<\/em><\/p>\n\n\n\n<p><em>vegy\u00fclj\u00f6n, botoljon,<\/em><\/p>\n\n\n\n<p><em>hadd l\u00e1ssa zavarom<\/em><\/p>\n\n\n\n<p><em>ezent\u00fal b\u00e1rki-aki!<\/em><\/p>\n\n\n\n<p class=\"has-text-align-right\"><em>Atteszt\u00e1lom (egy \u00e1gyt\u00e1lon,<\/em><\/p>\n\n\n\n<p class=\"has-text-align-right\"><em>ami nem \u00e1lom)<\/em><\/p>\n\n\n\n<p class=\"has-text-align-right\"><em>karant\u00e9nom, karant\u00e9nn\u00e1m,<\/em><\/p>\n\n\n\n<p class=\"has-text-align-right\"><em>az \u00e1m, haz\u00e1m!<\/em><\/p>\n\n\n\n<p class=\"has-text-align-right\"><em>konta-mi-n\u00e1ci-\u00f3, irrit\u00e1ci\u00f3,<\/em><\/p>\n\n\n\n<p class=\"has-text-align-right\"><em>imagin\u00e1ci\u00f3, szublim\u00e1ci\u00f3,<\/em><\/p>\n\n\n\n<p class=\"has-text-align-right\"><em>demo-kr\u00e1ci\u00f3, VAK\u00c1CI\u00d3.<\/em><\/p>\n\n\n\n<p class=\"has-text-align-center\">&#8212;-o&#8212;-<\/p>\n\n\n<div class=\"wp-block-image\">\n<figure class=\"aligncenter size-full\"><img loading=\"lazy\" decoding=\"async\" width=\"268\" height=\"318\" src=\"https:\/\/onodi.at\/wp-content\/uploads\/2026\/04\/Screenshot-2026-04-11-at-07.51.45.png\" alt=\"\" class=\"wp-image-319\" srcset=\"https:\/\/onodi.at\/wp-content\/uploads\/2026\/04\/Screenshot-2026-04-11-at-07.51.45.png 268w, https:\/\/onodi.at\/wp-content\/uploads\/2026\/04\/Screenshot-2026-04-11-at-07.51.45-253x300.png 253w\" sizes=\"auto, (max-width: 268px) 100vw, 268px\" \/><\/figure>\n<\/div>\n\n<div class=\"wp-block-image\">\n<figure class=\"aligncenter size-full is-resized\"><img loading=\"lazy\" decoding=\"async\" width=\"384\" height=\"226\" src=\"https:\/\/onodi.at\/wp-content\/uploads\/2026\/04\/Screenshot-2026-04-11-at-07.53.05.png\" alt=\"\" class=\"wp-image-320\" style=\"width:264px;height:auto\" srcset=\"https:\/\/onodi.at\/wp-content\/uploads\/2026\/04\/Screenshot-2026-04-11-at-07.53.05.png 384w, https:\/\/onodi.at\/wp-content\/uploads\/2026\/04\/Screenshot-2026-04-11-at-07.53.05-300x177.png 300w\" sizes=\"auto, (max-width: 384px) 100vw, 384px\" \/><\/figure>\n<\/div>\n\n\n<p class=\"has-text-align-center\"><strong>Vili-patk\u00e1ny n\u00f3t\u00e1ja<\/strong><\/p>\n\n\n\n<p>Vili-patk\u00e1ny<\/p>\n\n\n\n<p>&#8211; Billy-rat &#8211;<\/p>\n\n\n\n<p>nagy leg\u00e9ny,<\/p>\n\n\n\n<p>nem is ak\u00e1rki,<\/p>\n\n\n\n<p>\u00e1lma gy\u00f6tri<\/p>\n\n\n\n<p>szeg\u00e9nyt,<\/p>\n\n\n\n<p>hov\u00e1 tegye<\/p>\n\n\n\n<p>az esz\u00e9t,<\/p>\n\n\n\n<p>nem sok,<\/p>\n\n\n\n<p>be k\u00e9ne fektetni,<\/p>\n\n\n\n<p>hogy teremjen<\/p>\n\n\n\n<p>gy\u00fcm\u00f6lcs\u00f6t<\/p>\n\n\n\n<p>neki.<\/p>\n\n\n\n<p class=\"has-text-align-right\">Az embert<\/p>\n\n\n\n<p class=\"has-text-align-right\">nem szereti,<\/p>\n\n\n\n<p class=\"has-text-align-right\">t\u00fal sok van<\/p>\n\n\n\n<p class=\"has-text-align-right\">bel\u0151le;<\/p>\n\n\n\n<p class=\"has-text-align-right\">a patk\u00e1nyban b\u00edzik,<\/p>\n\n\n\n<p class=\"has-text-align-right\">az h\u0171 t\u00e1rsa<\/p>\n\n\n\n<p class=\"has-text-align-right\">\u00e1lm\u00e1nak<\/p>\n\n\n\n<p class=\"has-text-align-right\">megval\u00f3s\u00edt\u00e1s\u00e1ban.<\/p>\n\n\n\n<p class=\"has-text-align-right\">Terjesszen mindent<\/p>\n\n\n\n<p class=\"has-text-align-right\">mint r\u00e9gen<\/p>\n\n\n\n<p class=\"has-text-align-right\">pestist,<\/p>\n\n\n\n<p class=\"has-text-align-right\">csak \u00faj n\u00e9ven,<\/p>\n\n\n\n<p class=\"has-text-align-right\">hogy ne fogjon<\/p>\n\n\n\n<p class=\"has-text-align-right\">gyan\u00fat<\/p>\n\n\n\n<p class=\"has-text-align-right\">senki.<\/p>\n\n\n\n<p class=\"has-text-align-right\">N\u00e9p\u00e9nek pedig<\/p>\n\n\n\n<p class=\"has-text-align-right\">\u00faj lesz a jelsz\u00f3<\/p>\n\n\n\n<p class=\"has-text-align-right\">a r\u00e9gi helyett:<\/p>\n\n\n\n<p class=\"has-text-align-right\"><strong>VIL\u00c1G PATK\u00c1NYAI EGYES\u00dcLJETEK!<\/strong><\/p>\n\n\n\n<p><\/p>\n\n\n\n<p class=\"has-text-align-center\">@@@@@@<\/p>\n\n\n\n<p class=\"has-text-align-center\">&#8212;<\/p>\n\n\n\n<p class=\"has-text-align-center\">Hasra, magyar, h\u00ed a duma!<\/p>\n\n\n\n<p class=\"has-text-align-center\">Itt az olt\u00e1s, most vagy soha!<\/p>\n\n\n\n<p class=\"has-text-align-center\">\u00c9pek legy\u00fcnk, vagy lankad\u00f3k?<\/p>\n\n\n\n<p class=\"has-text-align-center\">Ez a k\u00e9rd\u00e9s, v\u00e1lasszatok!<\/p>\n\n\n\n<p class=\"has-text-align-center\">A birk\u00e1k t\u00f6bbs\u00e9g\u00e9re<\/p>\n\n\n\n<p class=\"has-text-align-center\">Esk\u00fcsz\u00fcnk,<\/p>\n\n\n\n<p class=\"has-text-align-center\">Esk\u00fcsz\u00fcnk, hogy \u00e9pek tov\u00e1bb<\/p>\n\n\n\n<p class=\"has-text-align-center\">Nem lesz\u00fcnk!<\/p>\n\n\n\n<p class=\"has-text-align-center\">&#8212;<\/p>\n","protected":false},"excerpt":{"rendered":"<p>@@@@@@ Nahash (karant\u00e9n-alkalmi) \u00dcl\u00f6k, \u00fcl\u00f6k a fejemen, n\u00e9zn\u00e9m, n\u00e9zn\u00e9m az eszemet, azt mondt\u00e1k, azt mondt\u00e1k: vigy\u00e1zz! itt van m\u00e1r, itt van m\u00e1r a hal\u00e1l. Nahash k\u00edgy\u00f3 volt, nem is ak\u00e1rhol, a Paradicsomban cs\u00faszott-m\u00e1szott, \u00e9s h\u00edrn\u00e9v\u00e9rt vagy mi\u00e9rt? \u00e1lh\u00edreket gy\u00e1rtott \u00e9s t\u00e1madt k\u00f6vet\u0151je el\u00e9g \u2013 Itt \u00fcl\u00f6k ma a fejemen, pr\u00f3b\u00e1lom meg\u00e9rteni a helyzetet, mi\u00e9rt, hogy &hellip; <\/p>\n<p class=\"link-more\"><a href=\"https:\/\/onodi.at\/?page_id=309\" class=\"more-link\">Continue reading<span class=\"screen-reader-text\"> &#8220;Kovidink\u00e1k (2020)&#8221;<\/span><\/a><\/p>\n","protected":false},"author":1,"featured_media":0,"parent":0,"menu_order":0,"comment_status":"closed","ping_status":"closed","template":"","meta":{"footnotes":""},"class_list":["post-309","page","type-page","status-publish","hentry"],"_links":{"self":[{"href":"https:\/\/onodi.at\/index.php?rest_route=\/wp\/v2\/pages\/309","targetHints":{"allow":["GET"]}}],"collection":[{"href":"https:\/\/onodi.at\/index.php?rest_route=\/wp\/v2\/pages"}],"about":[{"href":"https:\/\/onodi.at\/index.php?rest_route=\/wp\/v2\/types\/page"}],"author":[{"embeddable":true,"href":"https:\/\/onodi.at\/index.php?rest_route=\/wp\/v2\/users\/1"}],"replies":[{"embeddable":true,"href":"https:\/\/onodi.at\/index.php?rest_route=%2Fwp%2Fv2%2Fcomments&post=309"}],"version-history":[{"count":18,"href":"https:\/\/onodi.at\/index.php?rest_route=\/wp\/v2\/pages\/309\/revisions"}],"predecessor-version":[{"id":463,"href":"https:\/\/onodi.at\/index.php?rest_route=\/wp\/v2\/pages\/309\/revisions\/463"}],"wp:attachment":[{"href":"https:\/\/onodi.at\/index.php?rest_route=%2Fwp%2Fv2%2Fmedia&parent=309"}],"curies":[{"name":"wp","href":"https:\/\/api.w.org\/{rel}","templated":true}]}}