{"id":197,"date":"2026-04-06T14:04:01","date_gmt":"2026-04-06T12:04:01","guid":{"rendered":"https:\/\/onodi.at\/?page_id=197"},"modified":"2026-04-06T14:38:46","modified_gmt":"2026-04-06T12:38:46","slug":"koronajatek-tobb-hangra-2020","status":"publish","type":"page","link":"https:\/\/onodi.at\/?page_id=197","title":{"rendered":"Koronaj\u00e1t\u00e9k t\u00f6bb hangra (2020)"},"content":{"rendered":"\n<p><mark style=\"background-color:rgba(0, 0, 0, 0)\" class=\"has-inline-color has-black-color\">(r\u00f6vid hangj\u00e1t\u00e9k &#8211; kurzes H\u00f6rspiel &#8211; short radio play)<\/mark><\/p>\n\n\n\n<p><em>hang<\/em>&nbsp;<mark style=\"background-color:rgba(0, 0, 0, 0)\" class=\"has-inline-color has-vivid-cyan-blue-color\">MI MINDANNYIAN &#8220;KORONA&#8221; VAGYUNK!<\/mark><\/p>\n\n\n\n<p><em>Stimme<\/em>&nbsp;<mark style=\"background-color:rgba(0, 0, 0, 0)\" class=\"has-inline-color has-vivid-cyan-blue-color\">WIR ALLE SIND &#8220;CORONA&#8221;!<\/mark><\/p>\n\n\n\n<p><em>Voice&nbsp;<\/em><mark style=\"background-color:rgba(0, 0, 0, 0)\" class=\"has-inline-color has-vivid-cyan-blue-color\">WE\u00b4RE ALL &#8220;CORONA&#8221;!<\/mark><\/p>\n\n\n\n<p class=\"has-text-align-right\"><em>Ellenhang(ok)<\/em>&nbsp;<strong><mark style=\"background-color:rgba(0, 0, 0, 0)\" class=\"has-inline-color has-vivid-red-color\">MI VAGYUNK A N\u00c9P!<\/mark><\/strong><\/p>\n\n\n\n<p class=\"has-text-align-right\"><em>Gegenstimme(n<\/em>)&nbsp;<mark style=\"background-color:rgba(0, 0, 0, 0)\" class=\"has-inline-color has-vivid-red-color\"><strong>WIR SIND DAS VOLK<\/strong>!<\/mark><\/p>\n\n\n\n<p class=\"has-text-align-right\"><em>Voice(s) against<\/em>\u00a0<strong><mark style=\"background-color:rgba(0, 0, 0, 0)\" class=\"has-inline-color has-vivid-red-color\">WHERE WE GO ONE WE GO ALL<\/mark><\/strong><mark style=\"background-color:rgba(0, 0, 0, 0)\" class=\"has-inline-color has-vivid-red-color\">!<\/mark><\/p>\n\n\n\n<p><\/p>\n","protected":false},"excerpt":{"rendered":"<p>(r\u00f6vid hangj\u00e1t\u00e9k &#8211; kurzes H\u00f6rspiel &#8211; short radio play) hang&nbsp;MI MINDANNYIAN &#8220;KORONA&#8221; VAGYUNK! Stimme&nbsp;WIR ALLE SIND &#8220;CORONA&#8221;! Voice&nbsp;WE\u00b4RE ALL &#8220;CORONA&#8221;! Ellenhang(ok)&nbsp;MI VAGYUNK A N\u00c9P! Gegenstimme(n)&nbsp;WIR SIND DAS VOLK! Voice(s) against\u00a0WHERE WE GO ONE WE GO ALL!<\/p>\n","protected":false},"author":1,"featured_media":0,"parent":0,"menu_order":0,"comment_status":"closed","ping_status":"closed","template":"","meta":{"footnotes":""},"class_list":["post-197","page","type-page","status-publish","hentry"],"_links":{"self":[{"href":"https:\/\/onodi.at\/index.php?rest_route=\/wp\/v2\/pages\/197","targetHints":{"allow":["GET"]}}],"collection":[{"href":"https:\/\/onodi.at\/index.php?rest_route=\/wp\/v2\/pages"}],"about":[{"href":"https:\/\/onodi.at\/index.php?rest_route=\/wp\/v2\/types\/page"}],"author":[{"embeddable":true,"href":"https:\/\/onodi.at\/index.php?rest_route=\/wp\/v2\/users\/1"}],"replies":[{"embeddable":true,"href":"https:\/\/onodi.at\/index.php?rest_route=%2Fwp%2Fv2%2Fcomments&post=197"}],"version-history":[{"count":0,"href":"https:\/\/onodi.at\/index.php?rest_route=\/wp\/v2\/pages\/197\/revisions"}],"wp:attachment":[{"href":"https:\/\/onodi.at\/index.php?rest_route=%2Fwp%2Fv2%2Fmedia&parent=197"}],"curies":[{"name":"wp","href":"https:\/\/api.w.org\/{rel}","templated":true}]}}