{"id":138,"date":"2026-04-04T21:12:12","date_gmt":"2026-04-04T19:12:12","guid":{"rendered":"https:\/\/onodi.at\/?page_id=138"},"modified":"2026-04-06T12:22:46","modified_gmt":"2026-04-06T10:22:46","slug":"sztranyay-miklos-baratom-nevenapjara","status":"publish","type":"page","link":"https:\/\/onodi.at\/?page_id=138","title":{"rendered":"Sztr\u00e1nyay Mikl\u00f3s bar\u00e1tom nevenapj\u00e1ra"},"content":{"rendered":"\n<p><strong>Szent Mikl\u00f3s napj\u00e1n<\/strong> (2023)<\/p>\n\n\n\n<p><em>Ballag, megy a k\u00f6lt\u0151 fontoltan, lassan a t\u00e9lben;<\/em> <\/p>\n\n\n\n<p><em>\u00c1radjon r\u00e1 \u00e1ld\u00e1s most is  szent napon \u00e9ppen.<\/em><\/p>\n\n\n\n<p><em>K\u00e1v\u00e9h\u00e1z h\u00edv, nagyh\u00edr\u0171 Hadik &#8211; \u00e9get a v\u00e1gy r\u00e1,<\/em><\/p>\n\n\n\n<p><em>Megsz\u00f3l\u00edt ami elm\u00falt, \u00fajabb dalra fakaszt ma;<\/em><\/p>\n\n\n\n<p><em>Sz\u00e9p koszor\u00fa, fejed \u00e9ke ez\u00fcstb\u0151l sz\u00f3rja a f\u00e9nyt r\u00e1nk.<\/em><\/p>\n\n\n\n<figure class=\"wp-block-audio\"><audio controls src=\"https:\/\/onodi.at\/wp-content\/uploads\/2026\/04\/20231130_150334.mp3\"><\/audio><\/figure>\n","protected":false},"excerpt":{"rendered":"<p>Szent Mikl\u00f3s napj\u00e1n (2023) Ballag, megy a k\u00f6lt\u0151 fontoltan, lassan a t\u00e9lben; \u00c1radjon r\u00e1 \u00e1ld\u00e1s most is szent napon \u00e9ppen. K\u00e1v\u00e9h\u00e1z h\u00edv, nagyh\u00edr\u0171 Hadik &#8211; \u00e9get a v\u00e1gy r\u00e1, Megsz\u00f3l\u00edt ami elm\u00falt, \u00fajabb dalra fakaszt ma; Sz\u00e9p koszor\u00fa, fejed \u00e9ke ez\u00fcstb\u0151l sz\u00f3rja a f\u00e9nyt r\u00e1nk.<\/p>\n","protected":false},"author":1,"featured_media":0,"parent":0,"menu_order":0,"comment_status":"closed","ping_status":"closed","template":"","meta":{"footnotes":""},"class_list":["post-138","page","type-page","status-publish","hentry"],"_links":{"self":[{"href":"https:\/\/onodi.at\/index.php?rest_route=\/wp\/v2\/pages\/138","targetHints":{"allow":["GET"]}}],"collection":[{"href":"https:\/\/onodi.at\/index.php?rest_route=\/wp\/v2\/pages"}],"about":[{"href":"https:\/\/onodi.at\/index.php?rest_route=\/wp\/v2\/types\/page"}],"author":[{"embeddable":true,"href":"https:\/\/onodi.at\/index.php?rest_route=\/wp\/v2\/users\/1"}],"replies":[{"embeddable":true,"href":"https:\/\/onodi.at\/index.php?rest_route=%2Fwp%2Fv2%2Fcomments&post=138"}],"version-history":[{"count":0,"href":"https:\/\/onodi.at\/index.php?rest_route=\/wp\/v2\/pages\/138\/revisions"}],"wp:attachment":[{"href":"https:\/\/onodi.at\/index.php?rest_route=%2Fwp%2Fv2%2Fmedia&parent=138"}],"curies":[{"name":"wp","href":"https:\/\/api.w.org\/{rel}","templated":true}]}}